{"id":29195,"date":"2018-08-20T22:38:06","date_gmt":"2018-08-20T20:38:06","guid":{"rendered":"http:\/\/yixue.de\/yixue-kultur\/yixue-lebenskultivierung-3\/"},"modified":"2018-11-17T00:10:50","modified_gmt":"2018-11-16T23:10:50","slug":"yiqi","status":"publish","type":"page","link":"https:\/\/yixue.de\/en\/yixue-culture\/yiqi\/","title":{"rendered":"The YiQi \u2013 Cosmic Soul"},"content":{"rendered":"<div class=\"wpb-content-wrapper\"><p>[vc_row row_height_percent=&#8221;0&#8243; override_padding=&#8221;yes&#8221; h_padding=&#8221;2&#8243; top_padding=&#8221;4&#8243; bottom_padding=&#8221;6&#8243; overlay_alpha=&#8221;50&#8243; gutter_size=&#8221;3&#8243; column_width_percent=&#8221;100&#8243; shift_y=&#8221;0&#8243; z_index=&#8221;0&#8243;][vc_column column_width_percent=&#8221;100&#8243; overlay_alpha=&#8221;50&#8243; gutter_size=&#8221;3&#8243; medium_width=&#8221;0&#8243; mobile_width=&#8221;0&#8243; shift_x=&#8221;0&#8243; shift_y=&#8221;0&#8243; shift_y_down=&#8221;0&#8243; z_index=&#8221;0&#8243; width=&#8221;1\/1&#8243;][vc_row_inner][vc_column_inner width=&#8221;1\/4&#8243;][vc_single_image media=&#8221;18829&#8243; media_width_percent=&#8221;100&#8243; media_ratio=&#8221;one-one&#8221; shadow=&#8221;yes&#8221; shadow_weight=&#8221;xs&#8221;][\/vc_column_inner][vc_column_inner width=&#8221;3\/4&#8243;][vc_custom_heading heading_semantic=&#8221;h3&#8243; text_size=&#8221;h3&#8243; text_height=&#8221;fontheight-739653&#8243; text_font=&#8221;font-157346&#8243; text_color=&#8221;color-nhtu&#8221; sub_reduced=&#8221;yes&#8221;]To understand the core of the <i>YiXue<\/i> culture, we need to start with <i>YiQi<\/i>. <i>Yi <\/i>means ONE. In this context ONE means perfection, oneness and origin of all existence.[\/vc_custom_heading][vc_column_text]<i>Qi<\/i> stands for the energy, which pervades and vivifies everything. Thus, this pure and highest origin energy can be explained as the most uninfluenced and healthy basic element of anything existing. It permeates and influences the whole universe, nature and all life. It gives information to all living beings, navigates their development, their differentiation and their being. The pure energy <i>YiQi<\/i> is the beginning of any evolutionary process, a source of healing, vigor and inspiration.<\/p>\n<p><i>YiQi<\/i> is the main reference source in the <i>YiXue<\/i> culture and it is the energy which is applied to the holistic development of body, heart and soul. Anyone who learns to consciously receive it and thus to use it for his\/her health, owns a true treasure.[\/vc_column_text][\/vc_column_inner][\/vc_row_inner][\/vc_column][\/vc_row]<\/p>\n<\/div>","protected":false},"excerpt":{"rendered":"<p>Um den Kern der YiXue zu verstehen, muss man beim\u00a0YiQi, der Seele des Kosmos, der kosmischen Ursprungsenergie oder Sch\u00f6pferkraft, beginnen. Yi bedeutet EINS. Die EINS steht in diesem Kontext f\u00fcr Vollkommenheit, Einheit und den Ursprung allen Seins. Qi bedeutet Energie. Und so wird die Ursprungsenergie\u00a0YiQi\u00a0als die vollkommene und unbeeinflusste Energie von allem was existiert beschrieben. Sie hat weder Anfang noch Ende. Sie ist ewig und durchdringt das gesamte Universum, die gesamte Natur und alles Leben.\u00a0Die kosmische Ursprungsenergie\u00a0ist der Beginn f\u00fcr jegliche Evolution, Quelle der Heilung, Kraft und Inspiration. Sie\u00a0informiert alle Lebewesen, steuert ihre Entwicklung, Differenzierung und ihr Sein. In der YiXue \u00a0ist das YiQi der Hauptbezugspunkt und die Energie, die f\u00fcr die ganzheitliche Entwicklung von K\u00f6rper, Herz und Seele genutzt wird. Wer gelernt hat, die Ursprungsenergie bewusst zu empfangen und f\u00fcr seine Gesundheit und Lebenskultivierung zu nutzen, h\u00e4lt einen wahren Schatz in seinen H\u00e4nden.<\/p>\n","protected":false},"author":1,"featured_media":82658,"parent":30587,"menu_order":1,"comment_status":"closed","ping_status":"closed","template":"","meta":{"footnotes":""},"class_list":["post-29195","page","type-page","status-publish","has-post-thumbnail","hentry","page_category-zentrale-aspekte-yixue-kultur-en"],"yoast_head":"<!-- This site is optimized with the Yoast SEO plugin v27.4 - https:\/\/yoast.com\/product\/yoast-seo-wordpress\/ -->\n<title>The YiQi \u2013 Cosmic Soul - yixue.de<\/title>\n<meta name=\"robots\" content=\"index, follow, max-snippet:-1, max-image-preview:large, max-video-preview:-1\" \/>\n<link rel=\"canonical\" href=\"https:\/\/yixue.de\/en\/yixue-culture\/yiqi\/\" \/>\n<meta property=\"og:locale\" content=\"en_US\" \/>\n<meta property=\"og:type\" content=\"article\" \/>\n<meta property=\"og:title\" content=\"The YiQi \u2013 Cosmic Soul - yixue.de\" \/>\n<meta property=\"og:description\" content=\"Um den Kern der YiXue zu verstehen, muss man beim\u00a0YiQi, der Seele des Kosmos, der kosmischen Ursprungsenergie oder Sch\u00f6pferkraft, beginnen. Yi bedeutet EINS. Die EINS steht in diesem Kontext f\u00fcr Vollkommenheit, Einheit und den Ursprung allen Seins. Qi bedeutet Energie. Und so wird die Ursprungsenergie\u00a0YiQi\u00a0als die vollkommene und unbeeinflusste Energie von allem was existiert beschrieben. Sie hat weder Anfang noch Ende. Sie ist ewig und durchdringt das gesamte Universum, die gesamte Natur und alles Leben.\u00a0Die kosmische Ursprungsenergie\u00a0ist der Beginn f\u00fcr jegliche Evolution, Quelle der Heilung, Kraft und Inspiration. Sie\u00a0informiert alle Lebewesen, steuert ihre Entwicklung, Differenzierung und ihr Sein. In der YiXue \u00a0ist das YiQi der Hauptbezugspunkt und die Energie, die f\u00fcr die ganzheitliche Entwicklung von K\u00f6rper, Herz und Seele genutzt wird. Wer gelernt hat, die Ursprungsenergie bewusst zu empfangen und f\u00fcr seine Gesundheit und Lebenskultivierung zu nutzen, h\u00e4lt einen wahren Schatz in seinen H\u00e4nden.\" \/>\n<meta property=\"og:url\" content=\"https:\/\/yixue.de\/en\/yixue-culture\/yiqi\/\" \/>\n<meta property=\"og:site_name\" content=\"yixue.de\" \/>\n<meta property=\"article:publisher\" content=\"https:\/\/www.facebook.com\/YiXue-Culture-of-Oneness-584654115006130\/\" \/>\n<meta property=\"article:modified_time\" content=\"2018-11-16T23:10:50+00:00\" \/>\n<meta property=\"og:image\" content=\"https:\/\/yixue.de\/wp-content\/uploads\/2020\/03\/MASTER-EventHeader-1920x1080-4.jpg\" \/>\n\t<meta property=\"og:image:width\" content=\"1920\" \/>\n\t<meta property=\"og:image:height\" content=\"1080\" \/>\n\t<meta property=\"og:image:type\" content=\"image\/jpeg\" \/>\n<meta name=\"twitter:card\" content=\"summary_large_image\" \/>\n<meta name=\"twitter:label1\" content=\"Est. reading time\" \/>\n\t<meta name=\"twitter:data1\" content=\"1 minute\" \/>\n<script type=\"application\/ld+json\" class=\"yoast-schema-graph\">{\"@context\":\"https:\\\/\\\/schema.org\",\"@graph\":[{\"@type\":\"WebPage\",\"@id\":\"https:\\\/\\\/yixue.de\\\/en\\\/yixue-culture\\\/yiqi\\\/\",\"url\":\"https:\\\/\\\/yixue.de\\\/en\\\/yixue-culture\\\/yiqi\\\/\",\"name\":\"The YiQi \u2013 Cosmic Soul - yixue.de\",\"isPartOf\":{\"@id\":\"https:\\\/\\\/yixue.de\\\/en\\\/#website\"},\"primaryImageOfPage\":{\"@id\":\"https:\\\/\\\/yixue.de\\\/en\\\/yixue-culture\\\/yiqi\\\/#primaryimage\"},\"image\":{\"@id\":\"https:\\\/\\\/yixue.de\\\/en\\\/yixue-culture\\\/yiqi\\\/#primaryimage\"},\"thumbnailUrl\":\"https:\\\/\\\/yixue.de\\\/wp-content\\\/uploads\\\/2020\\\/03\\\/MASTER-EventHeader-1920x1080-4.jpg\",\"datePublished\":\"2018-08-20T20:38:06+00:00\",\"dateModified\":\"2018-11-16T23:10:50+00:00\",\"breadcrumb\":{\"@id\":\"https:\\\/\\\/yixue.de\\\/en\\\/yixue-culture\\\/yiqi\\\/#breadcrumb\"},\"inLanguage\":\"en-US\",\"potentialAction\":[{\"@type\":\"ReadAction\",\"target\":[\"https:\\\/\\\/yixue.de\\\/en\\\/yixue-culture\\\/yiqi\\\/\"]}]},{\"@type\":\"ImageObject\",\"inLanguage\":\"en-US\",\"@id\":\"https:\\\/\\\/yixue.de\\\/en\\\/yixue-culture\\\/yiqi\\\/#primaryimage\",\"url\":\"https:\\\/\\\/yixue.de\\\/wp-content\\\/uploads\\\/2020\\\/03\\\/MASTER-EventHeader-1920x1080-4.jpg\",\"contentUrl\":\"https:\\\/\\\/yixue.de\\\/wp-content\\\/uploads\\\/2020\\\/03\\\/MASTER-EventHeader-1920x1080-4.jpg\",\"width\":1920,\"height\":1080},{\"@type\":\"BreadcrumbList\",\"@id\":\"https:\\\/\\\/yixue.de\\\/en\\\/yixue-culture\\\/yiqi\\\/#breadcrumb\",\"itemListElement\":[{\"@type\":\"ListItem\",\"position\":1,\"name\":\"Home\",\"item\":\"https:\\\/\\\/yixue.de\\\/en\\\/\"},{\"@type\":\"ListItem\",\"position\":2,\"name\":\"YiXue Culture\",\"item\":\"https:\\\/\\\/yixue.de\\\/en\\\/yixue-culture\\\/\"},{\"@type\":\"ListItem\",\"position\":3,\"name\":\"The YiQi \u2013 Cosmic Soul\"}]},{\"@type\":\"WebSite\",\"@id\":\"https:\\\/\\\/yixue.de\\\/en\\\/#website\",\"url\":\"https:\\\/\\\/yixue.de\\\/en\\\/\",\"name\":\"www.yixue.de\",\"description\":\"Ganzheitliche Gesundheit &amp; Lebenskultivierung f\u00fcr K\u00f6rper, Herz &amp; Seele\",\"alternateName\":\"YiXue\",\"potentialAction\":[{\"@type\":\"SearchAction\",\"target\":{\"@type\":\"EntryPoint\",\"urlTemplate\":\"https:\\\/\\\/yixue.de\\\/en\\\/?s={search_term_string}\"},\"query-input\":{\"@type\":\"PropertyValueSpecification\",\"valueRequired\":true,\"valueName\":\"search_term_string\"}}],\"inLanguage\":\"en-US\"}]}<\/script>\n<!-- \/ Yoast SEO plugin. -->","yoast_head_json":{"title":"The YiQi \u2013 Cosmic Soul - yixue.de","robots":{"index":"index","follow":"follow","max-snippet":"max-snippet:-1","max-image-preview":"max-image-preview:large","max-video-preview":"max-video-preview:-1"},"canonical":"https:\/\/yixue.de\/en\/yixue-culture\/yiqi\/","og_locale":"en_US","og_type":"article","og_title":"The YiQi \u2013 Cosmic Soul - yixue.de","og_description":"Um den Kern der YiXue zu verstehen, muss man beim\u00a0YiQi, der Seele des Kosmos, der kosmischen Ursprungsenergie oder Sch\u00f6pferkraft, beginnen. Yi bedeutet EINS. Die EINS steht in diesem Kontext f\u00fcr Vollkommenheit, Einheit und den Ursprung allen Seins. Qi bedeutet Energie. Und so wird die Ursprungsenergie\u00a0YiQi\u00a0als die vollkommene und unbeeinflusste Energie von allem was existiert beschrieben. Sie hat weder Anfang noch Ende. Sie ist ewig und durchdringt das gesamte Universum, die gesamte Natur und alles Leben.\u00a0Die kosmische Ursprungsenergie\u00a0ist der Beginn f\u00fcr jegliche Evolution, Quelle der Heilung, Kraft und Inspiration. Sie\u00a0informiert alle Lebewesen, steuert ihre Entwicklung, Differenzierung und ihr Sein. In der YiXue \u00a0ist das YiQi der Hauptbezugspunkt und die Energie, die f\u00fcr die ganzheitliche Entwicklung von K\u00f6rper, Herz und Seele genutzt wird. Wer gelernt hat, die Ursprungsenergie bewusst zu empfangen und f\u00fcr seine Gesundheit und Lebenskultivierung zu nutzen, h\u00e4lt einen wahren Schatz in seinen H\u00e4nden.","og_url":"https:\/\/yixue.de\/en\/yixue-culture\/yiqi\/","og_site_name":"yixue.de","article_publisher":"https:\/\/www.facebook.com\/YiXue-Culture-of-Oneness-584654115006130\/","article_modified_time":"2018-11-16T23:10:50+00:00","og_image":[{"width":1920,"height":1080,"url":"https:\/\/yixue.de\/wp-content\/uploads\/2020\/03\/MASTER-EventHeader-1920x1080-4.jpg","type":"image\/jpeg"}],"twitter_card":"summary_large_image","twitter_misc":{"Est. reading time":"1 minute"},"schema":{"@context":"https:\/\/schema.org","@graph":[{"@type":"WebPage","@id":"https:\/\/yixue.de\/en\/yixue-culture\/yiqi\/","url":"https:\/\/yixue.de\/en\/yixue-culture\/yiqi\/","name":"The YiQi \u2013 Cosmic Soul - yixue.de","isPartOf":{"@id":"https:\/\/yixue.de\/en\/#website"},"primaryImageOfPage":{"@id":"https:\/\/yixue.de\/en\/yixue-culture\/yiqi\/#primaryimage"},"image":{"@id":"https:\/\/yixue.de\/en\/yixue-culture\/yiqi\/#primaryimage"},"thumbnailUrl":"https:\/\/yixue.de\/wp-content\/uploads\/2020\/03\/MASTER-EventHeader-1920x1080-4.jpg","datePublished":"2018-08-20T20:38:06+00:00","dateModified":"2018-11-16T23:10:50+00:00","breadcrumb":{"@id":"https:\/\/yixue.de\/en\/yixue-culture\/yiqi\/#breadcrumb"},"inLanguage":"en-US","potentialAction":[{"@type":"ReadAction","target":["https:\/\/yixue.de\/en\/yixue-culture\/yiqi\/"]}]},{"@type":"ImageObject","inLanguage":"en-US","@id":"https:\/\/yixue.de\/en\/yixue-culture\/yiqi\/#primaryimage","url":"https:\/\/yixue.de\/wp-content\/uploads\/2020\/03\/MASTER-EventHeader-1920x1080-4.jpg","contentUrl":"https:\/\/yixue.de\/wp-content\/uploads\/2020\/03\/MASTER-EventHeader-1920x1080-4.jpg","width":1920,"height":1080},{"@type":"BreadcrumbList","@id":"https:\/\/yixue.de\/en\/yixue-culture\/yiqi\/#breadcrumb","itemListElement":[{"@type":"ListItem","position":1,"name":"Home","item":"https:\/\/yixue.de\/en\/"},{"@type":"ListItem","position":2,"name":"YiXue Culture","item":"https:\/\/yixue.de\/en\/yixue-culture\/"},{"@type":"ListItem","position":3,"name":"The YiQi \u2013 Cosmic Soul"}]},{"@type":"WebSite","@id":"https:\/\/yixue.de\/en\/#website","url":"https:\/\/yixue.de\/en\/","name":"www.yixue.de","description":"Ganzheitliche Gesundheit &amp; Lebenskultivierung f\u00fcr K\u00f6rper, Herz &amp; Seele","alternateName":"YiXue","potentialAction":[{"@type":"SearchAction","target":{"@type":"EntryPoint","urlTemplate":"https:\/\/yixue.de\/en\/?s={search_term_string}"},"query-input":{"@type":"PropertyValueSpecification","valueRequired":true,"valueName":"search_term_string"}}],"inLanguage":"en-US"}]}},"_links":{"self":[{"href":"https:\/\/yixue.de\/en\/wp-json\/wp\/v2\/pages\/29195","targetHints":{"allow":["GET"]}}],"collection":[{"href":"https:\/\/yixue.de\/en\/wp-json\/wp\/v2\/pages"}],"about":[{"href":"https:\/\/yixue.de\/en\/wp-json\/wp\/v2\/types\/page"}],"author":[{"embeddable":true,"href":"https:\/\/yixue.de\/en\/wp-json\/wp\/v2\/users\/1"}],"replies":[{"embeddable":true,"href":"https:\/\/yixue.de\/en\/wp-json\/wp\/v2\/comments?post=29195"}],"version-history":[{"count":3,"href":"https:\/\/yixue.de\/en\/wp-json\/wp\/v2\/pages\/29195\/revisions"}],"predecessor-version":[{"id":29198,"href":"https:\/\/yixue.de\/en\/wp-json\/wp\/v2\/pages\/29195\/revisions\/29198"}],"up":[{"embeddable":true,"href":"https:\/\/yixue.de\/en\/wp-json\/wp\/v2\/pages\/30587"}],"wp:featuredmedia":[{"embeddable":true,"href":"https:\/\/yixue.de\/en\/wp-json\/wp\/v2\/media\/82658"}],"wp:attachment":[{"href":"https:\/\/yixue.de\/en\/wp-json\/wp\/v2\/media?parent=29195"}],"curies":[{"name":"wp","href":"https:\/\/api.w.org\/{rel}","templated":true}]}}