{"id":29200,"date":"2018-08-19T11:28:24","date_gmt":"2018-08-19T09:28:24","guid":{"rendered":"http:\/\/yixue.de\/yixue-culture\/qi\/"},"modified":"2018-11-17T00:10:58","modified_gmt":"2018-11-16T23:10:58","slug":"qi","status":"publish","type":"page","link":"https:\/\/yixue.de\/en\/yixue-culture\/qi\/","title":{"rendered":"The Qi \u2013 Energy of life"},"content":{"rendered":"<div class=\"wpb-content-wrapper\"><p>[vc_row row_height_percent=&#8221;0&#8243; override_padding=&#8221;yes&#8221; h_padding=&#8221;2&#8243; top_padding=&#8221;4&#8243; bottom_padding=&#8221;6&#8243; overlay_alpha=&#8221;50&#8243; gutter_size=&#8221;3&#8243; column_width_percent=&#8221;100&#8243; shift_y=&#8221;0&#8243; z_index=&#8221;0&#8243;][vc_column column_width_percent=&#8221;100&#8243; overlay_alpha=&#8221;50&#8243; gutter_size=&#8221;3&#8243; medium_width=&#8221;0&#8243; mobile_width=&#8221;0&#8243; shift_x=&#8221;0&#8243; shift_y=&#8221;0&#8243; shift_y_down=&#8221;0&#8243; z_index=&#8221;0&#8243; width=&#8221;1\/1&#8243;][vc_row_inner][vc_column_inner width=&#8221;1\/4&#8243;][vc_single_image media=&#8221;27968&#8243; media_width_percent=&#8221;100&#8243; media_ratio=&#8221;one-one&#8221; shadow=&#8221;yes&#8221; shadow_weight=&#8221;xs&#8221;][\/vc_column_inner][vc_column_inner width=&#8221;3\/4&#8243;][vc_custom_heading heading_semantic=&#8221;h3&#8243; text_size=&#8221;h3&#8243; text_height=&#8221;fontheight-739653&#8243; text_font=&#8221;font-157346&#8243; text_color=&#8221;color-nhtu&#8221; sub_reduced=&#8221;yes&#8221;]According to Wei Ling Yi, only he\/she, who is aware of\u00a0<em>Qi<\/em>, the energy of life, feels it and learns how to treat it with care, will be able to govern it, and thus determine his own life and well-being.[\/vc_custom_heading][vc_column_text]<em>Qi<\/em>\u00a0is the subtle energy of the cosmos and bears light, power and information. Even if it is neither comprehensible, nor tangible, nor visible, it is still existent and sustains, navigates and regulates all processes of life. In the East, this vital energy has been investigated for centuries and has been applied for the benefit of health. In China, the knowledge of the energy of life and its practice resulted in the development of manifold types of Qigong.<\/p>\n<p>The more freely\u00a0<em>Qi\u00a0<\/em>can flow through our bodies by regular practice and the more our energy level increases, the healthier we are.\u00a0<em>Qi<\/em>\u00a0and blood flow easily through a healthy body; there are neither blockades nor painful parts. Any physical and organ functions work in harmony. We are full of power and energy; it is a perfect, ideal state of health, which is also referred to as\u00a0<em>Return to a Child\u2019s Body<\/em>.<\/p>\n<h3>Learning to sense the quality of\u00a0<em>Qi<\/em><\/h3>\n<p>There are different types and qualities of\u00a0<em>Qi\u00a0<\/em>\u2013 like\u00a0<em>Qi<\/em>\u00a0of the sun invigorating plants,\u00a0<em>Qi<\/em>\u00a0of the organs sustaining organ functions or\u00a0<em>Qi<\/em>\u00a0of a place, where the information of past events is still existent.\u00a0<em>Qi<\/em>\u00a0is most likely graspable if the individual learns how to sense it and to experience which effect it has on our body and our surroundings. For example: If we enter a house and we have a sensation of cold and feel the need to quickly leave this place, it usually means that we are uneasy with the energy of this location. It can be said that the\u00a0<em>Feng Shui<\/em>\u00a0of this house is not good, distorted information got stuck in there and literally chased us off. However, if the\u00a0<em>Qi<\/em>\u00a0of a house is in balance and harmony and the\u00a0<em>Feng Shui<\/em>\u00a0is good, we take a seat voluntarily, feel at ease and like to dwell there.<\/p>\n<p>In the context of humans it is similar. There are people, in whose proximity we feel very much at ease so that, often unconsciously, we don\u2019t want to leave them at all. This is because these people have an elevated energy level and a highly developed, harmonious and shining charisma so that humans and animals like to be near them.[\/vc_column_text][\/vc_column_inner][\/vc_row_inner][\/vc_column][\/vc_row]<\/p>\n<\/div>","protected":false},"excerpt":{"rendered":"<p>Um den Kern der YiXue zu verstehen, muss man beim\u00a0YiQi, der Seele des Kosmos, der kosmischen Ursprungsenergie oder Sch\u00f6pferkraft, beginnen. Yi bedeutet EINS. Die EINS steht in diesem Kontext f\u00fcr Vollkommenheit, Einheit und den Ursprung allen Seins. Qi bedeutet Energie. Und so wird die Ursprungsenergie\u00a0YiQi\u00a0als die vollkommene und unbeeinflusste Energie von allem was existiert beschrieben. Sie hat weder Anfang noch Ende. Sie ist ewig und durchdringt das gesamte Universum, die gesamte Natur und alles Leben.\u00a0Die kosmische Ursprungsenergie\u00a0ist der Beginn f\u00fcr jegliche Evolution, Quelle der Heilung, Kraft und Inspiration. Sie\u00a0informiert alle Lebewesen, steuert ihre Entwicklung, Differenzierung und ihr Sein. In der YiXue \u00a0ist das YiQi der Hauptbezugspunkt und die Energie, die f\u00fcr die ganzheitliche Entwicklung von K\u00f6rper, Herz und Seele genutzt wird. Wer gelernt hat, die Ursprungsenergie bewusst zu empfangen und f\u00fcr seine Gesundheit und Lebenskultivierung zu nutzen, h\u00e4lt einen wahren Schatz in seinen H\u00e4nden.<\/p>\n","protected":false},"author":1,"featured_media":27969,"parent":30587,"menu_order":2,"comment_status":"closed","ping_status":"closed","template":"","meta":{"footnotes":""},"class_list":["post-29200","page","type-page","status-publish","has-post-thumbnail","hentry","page_category-zentrale-aspekte-yixue-kultur-en"],"yoast_head":"<!-- This site is optimized with the Yoast SEO plugin v27.3 - https:\/\/yoast.com\/product\/yoast-seo-wordpress\/ -->\n<title>The Qi \u2013 Energy of life - yixue.de<\/title>\n<meta name=\"robots\" content=\"index, follow, max-snippet:-1, max-image-preview:large, max-video-preview:-1\" \/>\n<link rel=\"canonical\" href=\"https:\/\/yixue.de\/en\/yixue-culture\/qi\/\" \/>\n<meta property=\"og:locale\" content=\"en_US\" \/>\n<meta property=\"og:type\" content=\"article\" \/>\n<meta property=\"og:title\" content=\"The Qi \u2013 Energy of life - yixue.de\" \/>\n<meta property=\"og:description\" content=\"Um den Kern der YiXue zu verstehen, muss man beim\u00a0YiQi, der Seele des Kosmos, der kosmischen Ursprungsenergie oder Sch\u00f6pferkraft, beginnen. Yi bedeutet EINS. Die EINS steht in diesem Kontext f\u00fcr Vollkommenheit, Einheit und den Ursprung allen Seins. Qi bedeutet Energie. Und so wird die Ursprungsenergie\u00a0YiQi\u00a0als die vollkommene und unbeeinflusste Energie von allem was existiert beschrieben. Sie hat weder Anfang noch Ende. Sie ist ewig und durchdringt das gesamte Universum, die gesamte Natur und alles Leben.\u00a0Die kosmische Ursprungsenergie\u00a0ist der Beginn f\u00fcr jegliche Evolution, Quelle der Heilung, Kraft und Inspiration. Sie\u00a0informiert alle Lebewesen, steuert ihre Entwicklung, Differenzierung und ihr Sein. In der YiXue \u00a0ist das YiQi der Hauptbezugspunkt und die Energie, die f\u00fcr die ganzheitliche Entwicklung von K\u00f6rper, Herz und Seele genutzt wird. Wer gelernt hat, die Ursprungsenergie bewusst zu empfangen und f\u00fcr seine Gesundheit und Lebenskultivierung zu nutzen, h\u00e4lt einen wahren Schatz in seinen H\u00e4nden.\" \/>\n<meta property=\"og:url\" content=\"https:\/\/yixue.de\/en\/yixue-culture\/qi\/\" \/>\n<meta property=\"og:site_name\" content=\"yixue.de\" \/>\n<meta property=\"article:publisher\" content=\"https:\/\/www.facebook.com\/YiXue-Culture-of-Oneness-584654115006130\/\" \/>\n<meta property=\"article:modified_time\" content=\"2018-11-16T23:10:58+00:00\" \/>\n<meta property=\"og:image\" content=\"https:\/\/yixue.de\/wp-content\/uploads\/2018\/08\/qi-1.jpg\" \/>\n\t<meta property=\"og:image:width\" content=\"1017\" \/>\n\t<meta property=\"og:image:height\" content=\"720\" \/>\n\t<meta property=\"og:image:type\" content=\"image\/jpeg\" \/>\n<meta name=\"twitter:card\" content=\"summary_large_image\" \/>\n<meta name=\"twitter:label1\" content=\"Est. reading time\" \/>\n\t<meta name=\"twitter:data1\" content=\"3 minutes\" \/>\n<script type=\"application\/ld+json\" class=\"yoast-schema-graph\">{\"@context\":\"https:\\\/\\\/schema.org\",\"@graph\":[{\"@type\":\"WebPage\",\"@id\":\"https:\\\/\\\/yixue.de\\\/en\\\/yixue-culture\\\/qi\\\/\",\"url\":\"https:\\\/\\\/yixue.de\\\/en\\\/yixue-culture\\\/qi\\\/\",\"name\":\"The Qi \u2013 Energy of life - yixue.de\",\"isPartOf\":{\"@id\":\"https:\\\/\\\/yixue.de\\\/en\\\/#website\"},\"primaryImageOfPage\":{\"@id\":\"https:\\\/\\\/yixue.de\\\/en\\\/yixue-culture\\\/qi\\\/#primaryimage\"},\"image\":{\"@id\":\"https:\\\/\\\/yixue.de\\\/en\\\/yixue-culture\\\/qi\\\/#primaryimage\"},\"thumbnailUrl\":\"https:\\\/\\\/yixue.de\\\/wp-content\\\/uploads\\\/2018\\\/08\\\/qi-1.jpg\",\"datePublished\":\"2018-08-19T09:28:24+00:00\",\"dateModified\":\"2018-11-16T23:10:58+00:00\",\"breadcrumb\":{\"@id\":\"https:\\\/\\\/yixue.de\\\/en\\\/yixue-culture\\\/qi\\\/#breadcrumb\"},\"inLanguage\":\"en-US\",\"potentialAction\":[{\"@type\":\"ReadAction\",\"target\":[\"https:\\\/\\\/yixue.de\\\/en\\\/yixue-culture\\\/qi\\\/\"]}]},{\"@type\":\"ImageObject\",\"inLanguage\":\"en-US\",\"@id\":\"https:\\\/\\\/yixue.de\\\/en\\\/yixue-culture\\\/qi\\\/#primaryimage\",\"url\":\"https:\\\/\\\/yixue.de\\\/wp-content\\\/uploads\\\/2018\\\/08\\\/qi-1.jpg\",\"contentUrl\":\"https:\\\/\\\/yixue.de\\\/wp-content\\\/uploads\\\/2018\\\/08\\\/qi-1.jpg\",\"width\":1017,\"height\":720},{\"@type\":\"BreadcrumbList\",\"@id\":\"https:\\\/\\\/yixue.de\\\/en\\\/yixue-culture\\\/qi\\\/#breadcrumb\",\"itemListElement\":[{\"@type\":\"ListItem\",\"position\":1,\"name\":\"Home\",\"item\":\"https:\\\/\\\/yixue.de\\\/en\\\/\"},{\"@type\":\"ListItem\",\"position\":2,\"name\":\"YiXue Culture\",\"item\":\"https:\\\/\\\/yixue.de\\\/en\\\/yixue-culture\\\/\"},{\"@type\":\"ListItem\",\"position\":3,\"name\":\"The Qi \u2013 Energy of life\"}]},{\"@type\":\"WebSite\",\"@id\":\"https:\\\/\\\/yixue.de\\\/en\\\/#website\",\"url\":\"https:\\\/\\\/yixue.de\\\/en\\\/\",\"name\":\"www.yixue.de\",\"description\":\"Ganzheitliche Gesundheit &amp; Lebenskultivierung f\u00fcr K\u00f6rper, Herz &amp; Seele\",\"alternateName\":\"YiXue\",\"potentialAction\":[{\"@type\":\"SearchAction\",\"target\":{\"@type\":\"EntryPoint\",\"urlTemplate\":\"https:\\\/\\\/yixue.de\\\/en\\\/?s={search_term_string}\"},\"query-input\":{\"@type\":\"PropertyValueSpecification\",\"valueRequired\":true,\"valueName\":\"search_term_string\"}}],\"inLanguage\":\"en-US\"}]}<\/script>\n<!-- \/ Yoast SEO plugin. -->","yoast_head_json":{"title":"The Qi \u2013 Energy of life - yixue.de","robots":{"index":"index","follow":"follow","max-snippet":"max-snippet:-1","max-image-preview":"max-image-preview:large","max-video-preview":"max-video-preview:-1"},"canonical":"https:\/\/yixue.de\/en\/yixue-culture\/qi\/","og_locale":"en_US","og_type":"article","og_title":"The Qi \u2013 Energy of life - yixue.de","og_description":"Um den Kern der YiXue zu verstehen, muss man beim\u00a0YiQi, der Seele des Kosmos, der kosmischen Ursprungsenergie oder Sch\u00f6pferkraft, beginnen. Yi bedeutet EINS. Die EINS steht in diesem Kontext f\u00fcr Vollkommenheit, Einheit und den Ursprung allen Seins. Qi bedeutet Energie. Und so wird die Ursprungsenergie\u00a0YiQi\u00a0als die vollkommene und unbeeinflusste Energie von allem was existiert beschrieben. Sie hat weder Anfang noch Ende. Sie ist ewig und durchdringt das gesamte Universum, die gesamte Natur und alles Leben.\u00a0Die kosmische Ursprungsenergie\u00a0ist der Beginn f\u00fcr jegliche Evolution, Quelle der Heilung, Kraft und Inspiration. Sie\u00a0informiert alle Lebewesen, steuert ihre Entwicklung, Differenzierung und ihr Sein. In der YiXue \u00a0ist das YiQi der Hauptbezugspunkt und die Energie, die f\u00fcr die ganzheitliche Entwicklung von K\u00f6rper, Herz und Seele genutzt wird. Wer gelernt hat, die Ursprungsenergie bewusst zu empfangen und f\u00fcr seine Gesundheit und Lebenskultivierung zu nutzen, h\u00e4lt einen wahren Schatz in seinen H\u00e4nden.","og_url":"https:\/\/yixue.de\/en\/yixue-culture\/qi\/","og_site_name":"yixue.de","article_publisher":"https:\/\/www.facebook.com\/YiXue-Culture-of-Oneness-584654115006130\/","article_modified_time":"2018-11-16T23:10:58+00:00","og_image":[{"width":1017,"height":720,"url":"https:\/\/yixue.de\/wp-content\/uploads\/2018\/08\/qi-1.jpg","type":"image\/jpeg"}],"twitter_card":"summary_large_image","twitter_misc":{"Est. reading time":"3 minutes"},"schema":{"@context":"https:\/\/schema.org","@graph":[{"@type":"WebPage","@id":"https:\/\/yixue.de\/en\/yixue-culture\/qi\/","url":"https:\/\/yixue.de\/en\/yixue-culture\/qi\/","name":"The Qi \u2013 Energy of life - yixue.de","isPartOf":{"@id":"https:\/\/yixue.de\/en\/#website"},"primaryImageOfPage":{"@id":"https:\/\/yixue.de\/en\/yixue-culture\/qi\/#primaryimage"},"image":{"@id":"https:\/\/yixue.de\/en\/yixue-culture\/qi\/#primaryimage"},"thumbnailUrl":"https:\/\/yixue.de\/wp-content\/uploads\/2018\/08\/qi-1.jpg","datePublished":"2018-08-19T09:28:24+00:00","dateModified":"2018-11-16T23:10:58+00:00","breadcrumb":{"@id":"https:\/\/yixue.de\/en\/yixue-culture\/qi\/#breadcrumb"},"inLanguage":"en-US","potentialAction":[{"@type":"ReadAction","target":["https:\/\/yixue.de\/en\/yixue-culture\/qi\/"]}]},{"@type":"ImageObject","inLanguage":"en-US","@id":"https:\/\/yixue.de\/en\/yixue-culture\/qi\/#primaryimage","url":"https:\/\/yixue.de\/wp-content\/uploads\/2018\/08\/qi-1.jpg","contentUrl":"https:\/\/yixue.de\/wp-content\/uploads\/2018\/08\/qi-1.jpg","width":1017,"height":720},{"@type":"BreadcrumbList","@id":"https:\/\/yixue.de\/en\/yixue-culture\/qi\/#breadcrumb","itemListElement":[{"@type":"ListItem","position":1,"name":"Home","item":"https:\/\/yixue.de\/en\/"},{"@type":"ListItem","position":2,"name":"YiXue Culture","item":"https:\/\/yixue.de\/en\/yixue-culture\/"},{"@type":"ListItem","position":3,"name":"The Qi \u2013 Energy of life"}]},{"@type":"WebSite","@id":"https:\/\/yixue.de\/en\/#website","url":"https:\/\/yixue.de\/en\/","name":"www.yixue.de","description":"Ganzheitliche Gesundheit &amp; Lebenskultivierung f\u00fcr K\u00f6rper, Herz &amp; Seele","alternateName":"YiXue","potentialAction":[{"@type":"SearchAction","target":{"@type":"EntryPoint","urlTemplate":"https:\/\/yixue.de\/en\/?s={search_term_string}"},"query-input":{"@type":"PropertyValueSpecification","valueRequired":true,"valueName":"search_term_string"}}],"inLanguage":"en-US"}]}},"_links":{"self":[{"href":"https:\/\/yixue.de\/en\/wp-json\/wp\/v2\/pages\/29200","targetHints":{"allow":["GET"]}}],"collection":[{"href":"https:\/\/yixue.de\/en\/wp-json\/wp\/v2\/pages"}],"about":[{"href":"https:\/\/yixue.de\/en\/wp-json\/wp\/v2\/types\/page"}],"author":[{"embeddable":true,"href":"https:\/\/yixue.de\/en\/wp-json\/wp\/v2\/users\/1"}],"replies":[{"embeddable":true,"href":"https:\/\/yixue.de\/en\/wp-json\/wp\/v2\/comments?post=29200"}],"version-history":[{"count":4,"href":"https:\/\/yixue.de\/en\/wp-json\/wp\/v2\/pages\/29200\/revisions"}],"predecessor-version":[{"id":29264,"href":"https:\/\/yixue.de\/en\/wp-json\/wp\/v2\/pages\/29200\/revisions\/29264"}],"up":[{"embeddable":true,"href":"https:\/\/yixue.de\/en\/wp-json\/wp\/v2\/pages\/30587"}],"wp:featuredmedia":[{"embeddable":true,"href":"https:\/\/yixue.de\/en\/wp-json\/wp\/v2\/media\/27969"}],"wp:attachment":[{"href":"https:\/\/yixue.de\/en\/wp-json\/wp\/v2\/media?parent=29200"}],"curies":[{"name":"wp","href":"https:\/\/api.w.org\/{rel}","templated":true}]}}