{"id":29204,"date":"2018-08-18T11:26:36","date_gmt":"2018-08-18T09:26:36","guid":{"rendered":"http:\/\/yixue.de\/yixue-culture\/lotus\/"},"modified":"2018-11-17T00:11:05","modified_gmt":"2018-11-16T23:11:05","slug":"lotus","status":"publish","type":"page","link":"https:\/\/yixue.de\/en\/yixue-culture\/lotus\/","title":{"rendered":"Lotus \u2013 Spiritual transformation"},"content":{"rendered":"<div class=\"wpb-content-wrapper\"><p>[vc_row row_height_percent=&#8221;0&#8243; override_padding=&#8221;yes&#8221; h_padding=&#8221;2&#8243; top_padding=&#8221;4&#8243; bottom_padding=&#8221;6&#8243; overlay_alpha=&#8221;50&#8243; gutter_size=&#8221;3&#8243; column_width_percent=&#8221;100&#8243; shift_y=&#8221;0&#8243; z_index=&#8221;0&#8243;][vc_column column_width_percent=&#8221;100&#8243; overlay_alpha=&#8221;50&#8243; gutter_size=&#8221;3&#8243; medium_width=&#8221;0&#8243; mobile_width=&#8221;0&#8243; shift_x=&#8221;0&#8243; shift_y=&#8221;0&#8243; shift_y_down=&#8221;0&#8243; z_index=&#8221;0&#8243; width=&#8221;1\/1&#8243;][vc_row_inner][vc_column_inner width=&#8221;1\/4&#8243;][vc_single_image media=&#8221;27268&#8243; media_width_percent=&#8221;100&#8243; media_ratio=&#8221;one-one&#8221; shadow=&#8221;yes&#8221; shadow_weight=&#8221;xs&#8221;][\/vc_column_inner][vc_column_inner width=&#8221;3\/4&#8243;][vc_custom_heading heading_semantic=&#8221;h3&#8243; text_size=&#8221;h3&#8243; text_height=&#8221;fontheight-739653&#8243; text_font=&#8221;font-157346&#8243; text_color=&#8221;color-nhtu&#8221; sub_reduced=&#8221;yes&#8221;]The Lotus flower is revered in Asia as a sacred plant. It has always stood symbolically for spiritual transformation and for the spiritual development of man, which leads to attainment of perfection. It is rooted in the mud, it grows purposefully towards the light and opens above the water surface to its unique, true beauty and perfection.[\/vc_custom_heading][vc_column_text]The Lotus is symbolic of the spiritual development and cultivation path of man. Through a deep transformation process he frees body, mind, heart and soul from old information, energies, blockages and illnesses, in order to develop holistically and unfold his true self. Living in harmony with the universe, nature and all living beings and feeling closely connected to all is the ultimate aim.[\/vc_column_text][\/vc_column_inner][\/vc_row_inner][\/vc_column][\/vc_row]<\/p>\n<\/div>","protected":false},"excerpt":{"rendered":"<p>Die Lotusblume wird in Asien als heilige Pflanze verehrt. Sie steht symbolisch seit jeher f\u00fcr spirituelle Transformation und f\u00fcr die geistige Entfaltung des Menschen, die im Erreichen von Vollkommenheit m\u00fcndet. Sie wurzelt im Schlamm, w\u00e4chst zielstrebig dem Licht entgegen und \u00f6ffnet sich \u00fcber der Wasseroberfl\u00e4che zu ihrer einzigartigen, wahren Sch\u00f6nheit und Vollkommenheit. Sinnbildlich steht der Lotus f\u00fcr den spirituellen Entwicklungs- und Kultivierungsweg des Menschen. Durch einen tiefen Transformationsprozess befreit er K\u00f6rper, Geist, Herz und Seele von alten Informationen, Energien, Blockaden und Erkrankungen, um sich ganzheitlich zu entwickeln und sein wahres Selbst zu entfalten. Ziel ist es, in tiefer Verbundenheit mit dem Universum, der Natur und allen Lebewesen in Harmonie und Einheit zu leben.<\/p>\n","protected":false},"author":1,"featured_media":81909,"parent":30587,"menu_order":4,"comment_status":"closed","ping_status":"closed","template":"","meta":{"footnotes":""},"class_list":["post-29204","page","type-page","status-publish","has-post-thumbnail","hentry","page_category-zentrale-aspekte-yixue-kultur-en"],"yoast_head":"<!-- This site is optimized with the Yoast SEO plugin v27.3 - https:\/\/yoast.com\/product\/yoast-seo-wordpress\/ -->\n<title>Lotus \u2013 Spiritual transformation - yixue.de<\/title>\n<meta name=\"robots\" content=\"index, follow, max-snippet:-1, max-image-preview:large, max-video-preview:-1\" \/>\n<link rel=\"canonical\" href=\"https:\/\/yixue.de\/en\/yixue-culture\/lotus\/\" \/>\n<meta property=\"og:locale\" content=\"en_US\" \/>\n<meta property=\"og:type\" content=\"article\" \/>\n<meta property=\"og:title\" content=\"Lotus \u2013 Spiritual transformation - yixue.de\" \/>\n<meta property=\"og:description\" content=\"Die Lotusblume wird in Asien als heilige Pflanze verehrt. Sie steht symbolisch seit jeher f\u00fcr spirituelle Transformation und f\u00fcr die geistige Entfaltung des Menschen, die im Erreichen von Vollkommenheit m\u00fcndet. Sie wurzelt im Schlamm, w\u00e4chst zielstrebig dem Licht entgegen und \u00f6ffnet sich \u00fcber der Wasseroberfl\u00e4che zu ihrer einzigartigen, wahren Sch\u00f6nheit und Vollkommenheit. Sinnbildlich steht der Lotus f\u00fcr den spirituellen Entwicklungs- und Kultivierungsweg des Menschen. Durch einen tiefen Transformationsprozess befreit er K\u00f6rper, Geist, Herz und Seele von alten Informationen, Energien, Blockaden und Erkrankungen, um sich ganzheitlich zu entwickeln und sein wahres Selbst zu entfalten. Ziel ist es, in tiefer Verbundenheit mit dem Universum, der Natur und allen Lebewesen in Harmonie und Einheit zu leben.\" \/>\n<meta property=\"og:url\" content=\"https:\/\/yixue.de\/en\/yixue-culture\/lotus\/\" \/>\n<meta property=\"og:site_name\" content=\"yixue.de\" \/>\n<meta property=\"article:publisher\" content=\"https:\/\/www.facebook.com\/YiXue-Culture-of-Oneness-584654115006130\/\" \/>\n<meta property=\"article:modified_time\" content=\"2018-11-16T23:11:05+00:00\" \/>\n<meta property=\"og:image\" content=\"https:\/\/yixue.de\/wp-content\/uploads\/2020\/03\/Canva-Lotus-Flower-on-Sunlight.jpg\" \/>\n\t<meta property=\"og:image:width\" content=\"2560\" \/>\n\t<meta property=\"og:image:height\" content=\"1150\" \/>\n\t<meta property=\"og:image:type\" content=\"image\/jpeg\" \/>\n<meta name=\"twitter:card\" content=\"summary_large_image\" \/>\n<meta name=\"twitter:label1\" content=\"Est. reading time\" \/>\n\t<meta name=\"twitter:data1\" content=\"1 minute\" \/>\n<script type=\"application\/ld+json\" class=\"yoast-schema-graph\">{\"@context\":\"https:\\\/\\\/schema.org\",\"@graph\":[{\"@type\":\"WebPage\",\"@id\":\"https:\\\/\\\/yixue.de\\\/en\\\/yixue-culture\\\/lotus\\\/\",\"url\":\"https:\\\/\\\/yixue.de\\\/en\\\/yixue-culture\\\/lotus\\\/\",\"name\":\"Lotus \u2013 Spiritual transformation - yixue.de\",\"isPartOf\":{\"@id\":\"https:\\\/\\\/yixue.de\\\/en\\\/#website\"},\"primaryImageOfPage\":{\"@id\":\"https:\\\/\\\/yixue.de\\\/en\\\/yixue-culture\\\/lotus\\\/#primaryimage\"},\"image\":{\"@id\":\"https:\\\/\\\/yixue.de\\\/en\\\/yixue-culture\\\/lotus\\\/#primaryimage\"},\"thumbnailUrl\":\"https:\\\/\\\/yixue.de\\\/wp-content\\\/uploads\\\/2020\\\/03\\\/Canva-Lotus-Flower-on-Sunlight.jpg\",\"datePublished\":\"2018-08-18T09:26:36+00:00\",\"dateModified\":\"2018-11-16T23:11:05+00:00\",\"breadcrumb\":{\"@id\":\"https:\\\/\\\/yixue.de\\\/en\\\/yixue-culture\\\/lotus\\\/#breadcrumb\"},\"inLanguage\":\"en-US\",\"potentialAction\":[{\"@type\":\"ReadAction\",\"target\":[\"https:\\\/\\\/yixue.de\\\/en\\\/yixue-culture\\\/lotus\\\/\"]}]},{\"@type\":\"ImageObject\",\"inLanguage\":\"en-US\",\"@id\":\"https:\\\/\\\/yixue.de\\\/en\\\/yixue-culture\\\/lotus\\\/#primaryimage\",\"url\":\"https:\\\/\\\/yixue.de\\\/wp-content\\\/uploads\\\/2020\\\/03\\\/Canva-Lotus-Flower-on-Sunlight.jpg\",\"contentUrl\":\"https:\\\/\\\/yixue.de\\\/wp-content\\\/uploads\\\/2020\\\/03\\\/Canva-Lotus-Flower-on-Sunlight.jpg\",\"width\":2560,\"height\":1150},{\"@type\":\"BreadcrumbList\",\"@id\":\"https:\\\/\\\/yixue.de\\\/en\\\/yixue-culture\\\/lotus\\\/#breadcrumb\",\"itemListElement\":[{\"@type\":\"ListItem\",\"position\":1,\"name\":\"Home\",\"item\":\"https:\\\/\\\/yixue.de\\\/en\\\/\"},{\"@type\":\"ListItem\",\"position\":2,\"name\":\"YiXue Culture\",\"item\":\"https:\\\/\\\/yixue.de\\\/en\\\/yixue-culture\\\/\"},{\"@type\":\"ListItem\",\"position\":3,\"name\":\"Lotus \u2013 Spiritual transformation\"}]},{\"@type\":\"WebSite\",\"@id\":\"https:\\\/\\\/yixue.de\\\/en\\\/#website\",\"url\":\"https:\\\/\\\/yixue.de\\\/en\\\/\",\"name\":\"www.yixue.de\",\"description\":\"Ganzheitliche Gesundheit &amp; Lebenskultivierung f\u00fcr K\u00f6rper, Herz &amp; Seele\",\"alternateName\":\"YiXue\",\"potentialAction\":[{\"@type\":\"SearchAction\",\"target\":{\"@type\":\"EntryPoint\",\"urlTemplate\":\"https:\\\/\\\/yixue.de\\\/en\\\/?s={search_term_string}\"},\"query-input\":{\"@type\":\"PropertyValueSpecification\",\"valueRequired\":true,\"valueName\":\"search_term_string\"}}],\"inLanguage\":\"en-US\"}]}<\/script>\n<!-- \/ Yoast SEO plugin. -->","yoast_head_json":{"title":"Lotus \u2013 Spiritual transformation - yixue.de","robots":{"index":"index","follow":"follow","max-snippet":"max-snippet:-1","max-image-preview":"max-image-preview:large","max-video-preview":"max-video-preview:-1"},"canonical":"https:\/\/yixue.de\/en\/yixue-culture\/lotus\/","og_locale":"en_US","og_type":"article","og_title":"Lotus \u2013 Spiritual transformation - yixue.de","og_description":"Die Lotusblume wird in Asien als heilige Pflanze verehrt. Sie steht symbolisch seit jeher f\u00fcr spirituelle Transformation und f\u00fcr die geistige Entfaltung des Menschen, die im Erreichen von Vollkommenheit m\u00fcndet. Sie wurzelt im Schlamm, w\u00e4chst zielstrebig dem Licht entgegen und \u00f6ffnet sich \u00fcber der Wasseroberfl\u00e4che zu ihrer einzigartigen, wahren Sch\u00f6nheit und Vollkommenheit. Sinnbildlich steht der Lotus f\u00fcr den spirituellen Entwicklungs- und Kultivierungsweg des Menschen. Durch einen tiefen Transformationsprozess befreit er K\u00f6rper, Geist, Herz und Seele von alten Informationen, Energien, Blockaden und Erkrankungen, um sich ganzheitlich zu entwickeln und sein wahres Selbst zu entfalten. Ziel ist es, in tiefer Verbundenheit mit dem Universum, der Natur und allen Lebewesen in Harmonie und Einheit zu leben.","og_url":"https:\/\/yixue.de\/en\/yixue-culture\/lotus\/","og_site_name":"yixue.de","article_publisher":"https:\/\/www.facebook.com\/YiXue-Culture-of-Oneness-584654115006130\/","article_modified_time":"2018-11-16T23:11:05+00:00","og_image":[{"width":2560,"height":1150,"url":"https:\/\/yixue.de\/wp-content\/uploads\/2020\/03\/Canva-Lotus-Flower-on-Sunlight.jpg","type":"image\/jpeg"}],"twitter_card":"summary_large_image","twitter_misc":{"Est. reading time":"1 minute"},"schema":{"@context":"https:\/\/schema.org","@graph":[{"@type":"WebPage","@id":"https:\/\/yixue.de\/en\/yixue-culture\/lotus\/","url":"https:\/\/yixue.de\/en\/yixue-culture\/lotus\/","name":"Lotus \u2013 Spiritual transformation - yixue.de","isPartOf":{"@id":"https:\/\/yixue.de\/en\/#website"},"primaryImageOfPage":{"@id":"https:\/\/yixue.de\/en\/yixue-culture\/lotus\/#primaryimage"},"image":{"@id":"https:\/\/yixue.de\/en\/yixue-culture\/lotus\/#primaryimage"},"thumbnailUrl":"https:\/\/yixue.de\/wp-content\/uploads\/2020\/03\/Canva-Lotus-Flower-on-Sunlight.jpg","datePublished":"2018-08-18T09:26:36+00:00","dateModified":"2018-11-16T23:11:05+00:00","breadcrumb":{"@id":"https:\/\/yixue.de\/en\/yixue-culture\/lotus\/#breadcrumb"},"inLanguage":"en-US","potentialAction":[{"@type":"ReadAction","target":["https:\/\/yixue.de\/en\/yixue-culture\/lotus\/"]}]},{"@type":"ImageObject","inLanguage":"en-US","@id":"https:\/\/yixue.de\/en\/yixue-culture\/lotus\/#primaryimage","url":"https:\/\/yixue.de\/wp-content\/uploads\/2020\/03\/Canva-Lotus-Flower-on-Sunlight.jpg","contentUrl":"https:\/\/yixue.de\/wp-content\/uploads\/2020\/03\/Canva-Lotus-Flower-on-Sunlight.jpg","width":2560,"height":1150},{"@type":"BreadcrumbList","@id":"https:\/\/yixue.de\/en\/yixue-culture\/lotus\/#breadcrumb","itemListElement":[{"@type":"ListItem","position":1,"name":"Home","item":"https:\/\/yixue.de\/en\/"},{"@type":"ListItem","position":2,"name":"YiXue Culture","item":"https:\/\/yixue.de\/en\/yixue-culture\/"},{"@type":"ListItem","position":3,"name":"Lotus \u2013 Spiritual transformation"}]},{"@type":"WebSite","@id":"https:\/\/yixue.de\/en\/#website","url":"https:\/\/yixue.de\/en\/","name":"www.yixue.de","description":"Ganzheitliche Gesundheit &amp; Lebenskultivierung f\u00fcr K\u00f6rper, Herz &amp; Seele","alternateName":"YiXue","potentialAction":[{"@type":"SearchAction","target":{"@type":"EntryPoint","urlTemplate":"https:\/\/yixue.de\/en\/?s={search_term_string}"},"query-input":{"@type":"PropertyValueSpecification","valueRequired":true,"valueName":"search_term_string"}}],"inLanguage":"en-US"}]}},"_links":{"self":[{"href":"https:\/\/yixue.de\/en\/wp-json\/wp\/v2\/pages\/29204","targetHints":{"allow":["GET"]}}],"collection":[{"href":"https:\/\/yixue.de\/en\/wp-json\/wp\/v2\/pages"}],"about":[{"href":"https:\/\/yixue.de\/en\/wp-json\/wp\/v2\/types\/page"}],"author":[{"embeddable":true,"href":"https:\/\/yixue.de\/en\/wp-json\/wp\/v2\/users\/1"}],"replies":[{"embeddable":true,"href":"https:\/\/yixue.de\/en\/wp-json\/wp\/v2\/comments?post=29204"}],"version-history":[{"count":2,"href":"https:\/\/yixue.de\/en\/wp-json\/wp\/v2\/pages\/29204\/revisions"}],"predecessor-version":[{"id":29206,"href":"https:\/\/yixue.de\/en\/wp-json\/wp\/v2\/pages\/29204\/revisions\/29206"}],"up":[{"embeddable":true,"href":"https:\/\/yixue.de\/en\/wp-json\/wp\/v2\/pages\/30587"}],"wp:featuredmedia":[{"embeddable":true,"href":"https:\/\/yixue.de\/en\/wp-json\/wp\/v2\/media\/81909"}],"wp:attachment":[{"href":"https:\/\/yixue.de\/en\/wp-json\/wp\/v2\/media?parent=29204"}],"curies":[{"name":"wp","href":"https:\/\/api.w.org\/{rel}","templated":true}]}}